{"id":8,"date":"2016-06-27T18:39:53","date_gmt":"2016-06-27T18:39:53","guid":{"rendered":"https:\/\/am-itconsulting.de\/?page_id=8"},"modified":"2021-09-11T21:04:28","modified_gmt":"2021-09-11T19:04:28","slug":"impressum","status":"publish","type":"page","link":"https:\/\/am-itconsulting.de\/?page_id=8","title":{"rendered":"Impressum"},"content":{"rendered":"<p><span style=\"font-weight: 400;\">Inhaber (Einzelunternehmung)<br \/>\n<\/span><span style=\"font-weight: 400;\">Vertretungsberechtigt und&nbsp;<\/span><span style=\"font-weight: 400;\">verantwortlich f\u00fcr den Inhalt:<\/span><\/p>\n<p>Andreas Moch<br \/>\nAlte M\u00fchle 1<br \/>\n35753 Greifenstein<\/p>\n<p>Tel.: +49 151 22 852 435<br \/>\nEmail: info@am-itconsulting.de<\/p>\n<p>Klicken Sie hier zum aktuellen <a href=\"http:\/\/www.disclaimer.de\/disclaimer.htm?\">Haftungsausschluss<\/a><\/p>\n<p>Trotz sorgf\u00e4ltiger inhaltlicher Kontrolle \u00fcbernehmen wir keine Haftung f\u00fcr die Inhalte externer Links. F\u00fcr den Inhalt der verlinkten Seiten sind ausschlie\u00dflich deren Betreiber verantwortlich. Wir betonen ausdr\u00fccklich, dass wir keinen Einfluss auf die Gestaltung und die Inhalte der gelinkten Seiten haben. Deshalb distanzieren wir uns hiermit ausdr\u00fccklich von allen Inhalten aller gelinkten Seiten auf unserer gesamten Homepage inkl. aller Unterseiten. Diese Erkl\u00e4rung gilt f\u00fcr alle auf dieser Webseite ausgebrachten Links und f\u00fcr alle Inhalte der Seiten, zu denen Links oder Banner f\u00fchren.<\/p>\n<p>Copyright:<\/p>\n<p>S\u00e4mtliche angebotenen Informationen d\u00fcrfen &#8211; auch auszugsweise &#8211; nur mit schriftlicher Genehmigung weiterverbreitet, vervielf\u00e4ltigt oder anderweitig ver\u00f6ffentlicht werden. Keinesfalls ist es gestattet, die abgerufenen Informationen anderweitig online oder auf andere Medien weiterzuverbreiten oder kommerziell zu nutzen!<\/p>\n<p>&nbsp;<\/p>\n","protected":false},"excerpt":{"rendered":"<p>Inhaber (Einzelunternehmung) Vertretungsberechtigt und&nbsp;verantwortlich f\u00fcr den Inhalt: Andreas Moch Alte M\u00fchle 1 35753 Greifenstein Tel.: +49 151 22 852 435 Email: info@am-itconsulting.de Klicken Sie hier zum aktuellen Haftungsausschluss Trotz sorgf\u00e4ltiger inhaltlicher Kontrolle \u00fcbernehmen wir keine Haftung f\u00fcr die Inhalte externer Links. F\u00fcr den Inhalt der verlinkten Seiten sind ausschlie\u00dflich deren Betreiber verantwortlich. Wir betonen ausdr\u00fccklich, [&hellip;]<\/p>\n","protected":false},"author":1,"featured_media":0,"parent":0,"menu_order":0,"comment_status":"closed","ping_status":"closed","template":"page-templates\/front-page.php","meta":{"footnotes":""},"class_list":["post-8","page","type-page","status-publish","hentry"],"_links":{"self":[{"href":"https:\/\/am-itconsulting.de\/index.php?rest_route=\/wp\/v2\/pages\/8","targetHints":{"allow":["GET"]}}],"collection":[{"href":"https:\/\/am-itconsulting.de\/index.php?rest_route=\/wp\/v2\/pages"}],"about":[{"href":"https:\/\/am-itconsulting.de\/index.php?rest_route=\/wp\/v2\/types\/page"}],"author":[{"embeddable":true,"href":"https:\/\/am-itconsulting.de\/index.php?rest_route=\/wp\/v2\/users\/1"}],"replies":[{"embeddable":true,"href":"https:\/\/am-itconsulting.de\/index.php?rest_route=%2Fwp%2Fv2%2Fcomments&post=8"}],"version-history":[{"count":14,"href":"https:\/\/am-itconsulting.de\/index.php?rest_route=\/wp\/v2\/pages\/8\/revisions"}],"predecessor-version":[{"id":227,"href":"https:\/\/am-itconsulting.de\/index.php?rest_route=\/wp\/v2\/pages\/8\/revisions\/227"}],"wp:attachment":[{"href":"https:\/\/am-itconsulting.de\/index.php?rest_route=%2Fwp%2Fv2%2Fmedia&parent=8"}],"curies":[{"name":"wp","href":"https:\/\/api.w.org\/{rel}","templated":true}]}}