{"id":28,"date":"2016-06-28T11:19:54","date_gmt":"2016-06-28T09:19:54","guid":{"rendered":"https:\/\/am-itconsulting.de\/?page_id=28"},"modified":"2021-09-11T21:03:35","modified_gmt":"2021-09-11T19:03:35","slug":"profil","status":"publish","type":"page","link":"https:\/\/am-itconsulting.de\/","title":{"rendered":"Profil"},"content":{"rendered":"<p>Ich bin freiberuflicher Senior Unified Communications &amp; IT Security Spezialist.<\/p>\n<p><span style=\"font-weight: 400;\">Beginnend bei der Beratung, \u00fcber die Planung, bis hin zur Projektumsetzung besch\u00e4ftige ich mich mit allen Aspekten&nbsp;rund um Unified Communications und IT Security sowie anderen<br \/>\nIT-Infrastruktur Themen.&nbsp;<\/span><span style=\"font-weight: 400;\">Dabei habe ich langj\u00e4hrige Erfahrung im Mittelstands &amp; Enterprise Segment und umfassende Kenntnisse zu Technologien von Cisco, VMWare, Checkpoint, &nbsp;Juniper sowie vielen anderen renommierten Herstellern.<\/span><\/p>\n<p>Zu meinen Leistungen geh\u00f6ren neben der individuelle Beratung, Implementierung von IT L\u00f6sungen, Durchf\u00fchrung von Migrationen, auch die Koordination, Konzeption und Dokumentation der Projekte.<\/p>\n<p><b>Andreas Moch<\/b><br \/>\nEMail: info@am-ITConsulting.de<\/p>\n<p><a title=\"Profil von Andreas Moch auf www.xing.de\" href=\"https:\/\/www.xing.com\/profile\/Andreas_Moch2\" target=\"_blank\" rel=\"me noopener noreferrer\"><img loading=\"lazy\" decoding=\"async\" src=\"https:\/\/www.xing.com\/img\/buttons\/4_de_btn.gif\" alt=\"Andreas Moch\" width=\"118\" height=\"23\"><\/a><br \/>\n<a title=\"Profil von Andreas Moch auf www.freelancermap.de\" href=\"https:\/\/www.freelancermap.de\/freelancer-verzeichnis\/profile\/it-infrastruktur\/102120-profil-andreas-moch-network-architecture-it-security-unified-communications-professional-aus-greifenstein.html\" target=\"_blank\" rel=\"noopener noreferrer\"><img decoding=\"async\" src=\"https:\/\/www.freelancermap.de\/images\/widgets\/button\/freelancerProfil.png\"><\/a><\/p>\n<p>Zertifizierung:<br \/>\nCisco Certified Network Professional (Enterprise)<br \/>\nCisco Certified Network Associate<br \/>\nFoundation Certificate in IT-Service Management<br \/>\nGenuscreen certified Spezialist<\/p>\n","protected":false},"excerpt":{"rendered":"<p>Ich bin freiberuflicher Senior Unified Communications &amp; IT Security Spezialist. Beginnend bei der Beratung, \u00fcber die Planung, bis hin zur Projektumsetzung besch\u00e4ftige ich mich mit allen Aspekten&nbsp;rund um Unified Communications und IT Security sowie anderen IT-Infrastruktur Themen.&nbsp;Dabei habe ich langj\u00e4hrige Erfahrung im Mittelstands &amp; Enterprise Segment und umfassende Kenntnisse zu Technologien von Cisco, VMWare, Checkpoint, [&hellip;]<\/p>\n","protected":false},"author":2,"featured_media":0,"parent":0,"menu_order":0,"comment_status":"closed","ping_status":"closed","template":"page-templates\/front-page.php","meta":{"footnotes":""},"class_list":["post-28","page","type-page","status-publish","hentry"],"_links":{"self":[{"href":"https:\/\/am-itconsulting.de\/index.php?rest_route=\/wp\/v2\/pages\/28","targetHints":{"allow":["GET"]}}],"collection":[{"href":"https:\/\/am-itconsulting.de\/index.php?rest_route=\/wp\/v2\/pages"}],"about":[{"href":"https:\/\/am-itconsulting.de\/index.php?rest_route=\/wp\/v2\/types\/page"}],"author":[{"embeddable":true,"href":"https:\/\/am-itconsulting.de\/index.php?rest_route=\/wp\/v2\/users\/2"}],"replies":[{"embeddable":true,"href":"https:\/\/am-itconsulting.de\/index.php?rest_route=%2Fwp%2Fv2%2Fcomments&post=28"}],"version-history":[{"count":51,"href":"https:\/\/am-itconsulting.de\/index.php?rest_route=\/wp\/v2\/pages\/28\/revisions"}],"predecessor-version":[{"id":225,"href":"https:\/\/am-itconsulting.de\/index.php?rest_route=\/wp\/v2\/pages\/28\/revisions\/225"}],"wp:attachment":[{"href":"https:\/\/am-itconsulting.de\/index.php?rest_route=%2Fwp%2Fv2%2Fmedia&parent=28"}],"curies":[{"name":"wp","href":"https:\/\/api.w.org\/{rel}","templated":true}]}}